{"id":4608,"date":"2024-04-10T16:24:43","date_gmt":"2024-04-10T19:24:43","guid":{"rendered":"https:\/\/medclubcard.com.br\/barbearia\/?post_type=product&#038;p=4608"},"modified":"2024-04-26T05:20:51","modified_gmt":"2024-04-26T08:20:51","slug":"plano-universitario","status":"publish","type":"product","link":"https:\/\/medclubcard.com.br\/barbearia\/produto\/plano-universitario\/","title":{"rendered":"Plano Universit\u00e1rio"},"content":{"rendered":"<p>Descri\u00e7\u00e3o:<br \/>\nEste plano foi cuidadosamente projetado para atender \u00e0s necessidades \u00fanicas<br \/>\ndos jovens adultos em fase de crescimento profissional, garantindo tranquilidade<br \/>\ne seguran\u00e7a para alcan\u00e7ar seus objetivos acad\u00eamicos.<br \/>\nQuantidade de Integrantes:<br \/>\n&#8211; 1 Titular.<br \/>\nBenef\u00edcios e Condi\u00e7\u00f5es Espec\u00edficos deste plano:<br \/>\nAp\u00f3s 6 meses de uso do plano universit\u00e1rio, d\u00e1 direito a realiza\u00e7\u00e3o da<br \/>\ndocumenta\u00e7\u00e3o (Provis\u00f3ria, Permanente ou C\u00e9dula Paraguaia) por pre\u00e7o de<br \/>\ncusto.<br \/>\nSem possibilidade de ades\u00e3o de dependentes.<\/p>\n","protected":false},"excerpt":{"rendered":"<p>Este plano foi cuidadosamente projetado para atender \u00e0s necessidades \u00fanicas<br \/>\ndos jovens adultos em fase de crescimento profissional, garantindo tranquilidade<br \/>\ne seguran\u00e7a para alcan\u00e7ar seus objetivos acad\u00eamicos.<br \/>\nQuantidade de Integrantes:<br \/>\n&#8211; 1 Titular.<br \/>\nBenef\u00edcios e Condi\u00e7\u00f5es Espec\u00edficos deste plano:<br \/>\nAp\u00f3s 6 meses de uso do plano universit\u00e1rio, d\u00e1 direito a realiza\u00e7\u00e3o da<br \/>\ndocumenta\u00e7\u00e3o (Provis\u00f3ria, Permanente ou C\u00e9dula Paraguaia) por pre\u00e7o de<br \/>\ncusto.<br \/>\nSem possibilidade de ades\u00e3o de dependentes.<\/p>\n","protected":false},"featured_media":0,"comment_status":"open","ping_status":"closed","template":"","meta":{"_uag_custom_page_level_css":"","site-sidebar-layout":"default","site-content-layout":"","ast-site-content-layout":"default","site-content-style":"default","site-sidebar-style":"default","ast-global-header-display":"","ast-banner-title-visibility":"","ast-main-header-display":"","ast-hfb-above-header-display":"","ast-hfb-below-header-display":"","ast-hfb-mobile-header-display":"","site-post-title":"","ast-breadcrumbs-content":"","ast-featured-img":"","footer-sml-layout":"","theme-transparent-header-meta":"default","adv-header-id-meta":"","stick-header-meta":"","header-above-stick-meta":"","header-main-stick-meta":"","header-below-stick-meta":"","astra-migrate-meta-layouts":"set","ast-page-background-enabled":"default","ast-page-background-meta":{"desktop":{"background-color":"","background-image":"","background-repeat":"repeat","background-position":"center center","background-size":"auto","background-attachment":"scroll","background-type":"","background-media":"","overlay-type":"","overlay-color":"","overlay-opacity":"","overlay-gradient":""},"tablet":{"background-color":"","background-image":"","background-repeat":"repeat","background-position":"center center","background-size":"auto","background-attachment":"scroll","background-type":"","background-media":"","overlay-type":"","overlay-color":"","overlay-opacity":"","overlay-gradient":""},"mobile":{"background-color":"","background-image":"","background-repeat":"repeat","background-position":"center center","background-size":"auto","background-attachment":"scroll","background-type":"","background-media":"","overlay-type":"","overlay-color":"","overlay-opacity":"","overlay-gradient":""}},"ast-content-background-meta":{"desktop":{"background-color":"var(--ast-global-color-5)","background-image":"","background-repeat":"repeat","background-position":"center center","background-size":"auto","background-attachment":"scroll","background-type":"","background-media":"","overlay-type":"","overlay-color":"","overlay-opacity":"","overlay-gradient":""},"tablet":{"background-color":"var(--ast-global-color-5)","background-image":"","background-repeat":"repeat","background-position":"center center","background-size":"auto","background-attachment":"scroll","background-type":"","background-media":"","overlay-type":"","overlay-color":"","overlay-opacity":"","overlay-gradient":""},"mobile":{"background-color":"var(--ast-global-color-5)","background-image":"","background-repeat":"repeat","background-position":"center center","background-size":"auto","background-attachment":"scroll","background-type":"","background-media":"","overlay-type":"","overlay-color":"","overlay-opacity":"","overlay-gradient":""}},"_joinchat":[]},"product_cat":[15],"product_tag":[],"class_list":{"0":"post-4608","1":"product","2":"type-product","3":"status-publish","5":"product_cat-sem-categoria","6":"desktop-align-left","7":"tablet-align-left","8":"mobile-align-left","10":"first","11":"instock","12":"virtual","13":"sold-individually","14":"taxable","15":"purchasable","16":"product-type-simple"},"uagb_featured_image_src":{"full":false,"thumbnail":false,"medium":false,"medium_large":false,"large":false,"1536x1536":false,"2048x2048":false,"woocommerce_thumbnail":false,"woocommerce_single":false,"woocommerce_gallery_thumbnail":false},"uagb_author_info":{"display_name":"joanakerr","author_link":"https:\/\/medclubcard.com.br\/barbearia\/author\/"},"uagb_comment_info":0,"uagb_excerpt":"Este plano foi cuidadosamente projetado para atender \u00e0s necessidades \u00fanicas dos jovens adultos em fase de crescimento profissional, garantindo tranquilidade e seguran\u00e7a para alcan\u00e7ar seus objetivos acad\u00eamicos. Quantidade de Integrantes: - 1 Titular. Benef\u00edcios e Condi\u00e7\u00f5es Espec\u00edficos deste plano: Ap\u00f3s 6 meses de uso do plano universit\u00e1rio, d\u00e1 direito a realiza\u00e7\u00e3o da documenta\u00e7\u00e3o (Provis\u00f3ria, Permanente&hellip;","_links":{"self":[{"href":"https:\/\/medclubcard.com.br\/barbearia\/wp-json\/wp\/v2\/product\/4608"}],"collection":[{"href":"https:\/\/medclubcard.com.br\/barbearia\/wp-json\/wp\/v2\/product"}],"about":[{"href":"https:\/\/medclubcard.com.br\/barbearia\/wp-json\/wp\/v2\/types\/product"}],"replies":[{"embeddable":true,"href":"https:\/\/medclubcard.com.br\/barbearia\/wp-json\/wp\/v2\/comments?post=4608"}],"wp:attachment":[{"href":"https:\/\/medclubcard.com.br\/barbearia\/wp-json\/wp\/v2\/media?parent=4608"}],"wp:term":[{"taxonomy":"product_cat","embeddable":true,"href":"https:\/\/medclubcard.com.br\/barbearia\/wp-json\/wp\/v2\/product_cat?post=4608"},{"taxonomy":"product_tag","embeddable":true,"href":"https:\/\/medclubcard.com.br\/barbearia\/wp-json\/wp\/v2\/product_tag?post=4608"}],"curies":[{"name":"wp","href":"https:\/\/api.w.org\/{rel}","templated":true}]}}