{"id":4612,"date":"2024-04-10T16:28:00","date_gmt":"2024-04-10T19:28:00","guid":{"rendered":"https:\/\/medclubcard.com.br\/barbearia\/?post_type=product&#038;p=4612"},"modified":"2024-04-26T04:21:52","modified_gmt":"2024-04-26T07:21:52","slug":"plano-familiar","status":"publish","type":"product","link":"https:\/\/medclubcard.com.br\/barbearia\/produto\/plano-familiar\/","title":{"rendered":"Plano Familiar"},"content":{"rendered":"<p>Descri\u00e7\u00e3o:<br \/>\nO Plano Familiar foi projetado para abordar as necessidades de sa\u00fade de sua<br \/>\nfam\u00edlia. Ao escolher este plano voc\u00ea est\u00e1 garantindo que todos os membros da<br \/>\nsua fam\u00edlia recebam o cuidado de que precisam, com seguran\u00e7a e confian\u00e7a.<br \/>\nQuantidade de Integrantes:<br \/>\n&#8211; 1 Titular; Dependentes: C\u00f4njuge e Filhos at\u00e9 18 anos.<br \/>\nBenef\u00edcios e Condi\u00e7\u00f5es Espec\u00edficos deste plano:<br \/>\nCom possibilidade de ades\u00e3o de outros dependentes.<\/p>\n","protected":false},"excerpt":{"rendered":"<p>Descri\u00e7\u00e3o: O Plano Familiar foi projetado para abordar as necessidades de sa\u00fade de sua fam\u00edlia. Ao escolher este plano voc\u00ea est\u00e1 garantindo que todos os membros da sua fam\u00edlia recebam o cuidado de que precisam, com seguran\u00e7a e confian\u00e7a. Quantidade de Integrantes: &#8211; 1 Titular; Dependentes: C\u00f4njuge e Filhos at\u00e9 18 anos. Benef\u00edcios e Condi\u00e7\u00f5es [&hellip;]<\/p>\n","protected":false},"featured_media":0,"comment_status":"open","ping_status":"closed","template":"","meta":{"_uag_custom_page_level_css":"","site-sidebar-layout":"default","site-content-layout":"","ast-site-content-layout":"default","site-content-style":"default","site-sidebar-style":"default","ast-global-header-display":"","ast-banner-title-visibility":"","ast-main-header-display":"","ast-hfb-above-header-display":"","ast-hfb-below-header-display":"","ast-hfb-mobile-header-display":"","site-post-title":"","ast-breadcrumbs-content":"","ast-featured-img":"","footer-sml-layout":"","theme-transparent-header-meta":"default","adv-header-id-meta":"","stick-header-meta":"","header-above-stick-meta":"","header-main-stick-meta":"","header-below-stick-meta":"","astra-migrate-meta-layouts":"set","ast-page-background-enabled":"default","ast-page-background-meta":{"desktop":{"background-color":"","background-image":"","background-repeat":"repeat","background-position":"center center","background-size":"auto","background-attachment":"scroll","background-type":"","background-media":"","overlay-type":"","overlay-color":"","overlay-opacity":"","overlay-gradient":""},"tablet":{"background-color":"","background-image":"","background-repeat":"repeat","background-position":"center center","background-size":"auto","background-attachment":"scroll","background-type":"","background-media":"","overlay-type":"","overlay-color":"","overlay-opacity":"","overlay-gradient":""},"mobile":{"background-color":"","background-image":"","background-repeat":"repeat","background-position":"center center","background-size":"auto","background-attachment":"scroll","background-type":"","background-media":"","overlay-type":"","overlay-color":"","overlay-opacity":"","overlay-gradient":""}},"ast-content-background-meta":{"desktop":{"background-color":"var(--ast-global-color-5)","background-image":"","background-repeat":"repeat","background-position":"center center","background-size":"auto","background-attachment":"scroll","background-type":"","background-media":"","overlay-type":"","overlay-color":"","overlay-opacity":"","overlay-gradient":""},"tablet":{"background-color":"var(--ast-global-color-5)","background-image":"","background-repeat":"repeat","background-position":"center center","background-size":"auto","background-attachment":"scroll","background-type":"","background-media":"","overlay-type":"","overlay-color":"","overlay-opacity":"","overlay-gradient":""},"mobile":{"background-color":"var(--ast-global-color-5)","background-image":"","background-repeat":"repeat","background-position":"center center","background-size":"auto","background-attachment":"scroll","background-type":"","background-media":"","overlay-type":"","overlay-color":"","overlay-opacity":"","overlay-gradient":""}},"_joinchat":[]},"product_cat":[15],"product_tag":[],"class_list":{"0":"post-4612","1":"product","2":"type-product","3":"status-publish","5":"product_cat-sem-categoria","6":"desktop-align-left","7":"tablet-align-left","8":"mobile-align-left","10":"first","11":"instock","12":"virtual","13":"sold-individually","14":"taxable","15":"purchasable","16":"product-type-simple"},"uagb_featured_image_src":{"full":false,"thumbnail":false,"medium":false,"medium_large":false,"large":false,"1536x1536":false,"2048x2048":false,"woocommerce_thumbnail":false,"woocommerce_single":false,"woocommerce_gallery_thumbnail":false},"uagb_author_info":{"display_name":"joanakerr","author_link":"https:\/\/medclubcard.com.br\/barbearia\/author\/"},"uagb_comment_info":0,"uagb_excerpt":"Descri\u00e7\u00e3o: O Plano Familiar foi projetado para abordar as necessidades de sa\u00fade de sua fam\u00edlia. Ao escolher este plano voc\u00ea est\u00e1 garantindo que todos os membros da sua fam\u00edlia recebam o cuidado de que precisam, com seguran\u00e7a e confian\u00e7a. Quantidade de Integrantes: &#8211; 1 Titular; Dependentes: C\u00f4njuge e Filhos at\u00e9 18 anos. Benef\u00edcios e Condi\u00e7\u00f5es&hellip;","_links":{"self":[{"href":"https:\/\/medclubcard.com.br\/barbearia\/wp-json\/wp\/v2\/product\/4612"}],"collection":[{"href":"https:\/\/medclubcard.com.br\/barbearia\/wp-json\/wp\/v2\/product"}],"about":[{"href":"https:\/\/medclubcard.com.br\/barbearia\/wp-json\/wp\/v2\/types\/product"}],"replies":[{"embeddable":true,"href":"https:\/\/medclubcard.com.br\/barbearia\/wp-json\/wp\/v2\/comments?post=4612"}],"wp:attachment":[{"href":"https:\/\/medclubcard.com.br\/barbearia\/wp-json\/wp\/v2\/media?parent=4612"}],"wp:term":[{"taxonomy":"product_cat","embeddable":true,"href":"https:\/\/medclubcard.com.br\/barbearia\/wp-json\/wp\/v2\/product_cat?post=4612"},{"taxonomy":"product_tag","embeddable":true,"href":"https:\/\/medclubcard.com.br\/barbearia\/wp-json\/wp\/v2\/product_tag?post=4612"}],"curies":[{"name":"wp","href":"https:\/\/api.w.org\/{rel}","templated":true}]}}